{"id":5699,"date":"2018-10-25T12:50:59","date_gmt":"2018-10-25T10:50:59","guid":{"rendered":"https:\/\/agri-world.it\/brechen-recycling-sieben-von-steinen-altamura-italy\/vaglio-vibrante\/"},"modified":"2019-11-25T12:05:03","modified_gmt":"2019-11-25T11:05:03","slug":"ruttelsieb","status":"publish","type":"page","link":"https:\/\/agri-world.it\/de\/brechen-recycling-sieben-von-steinen-altamura-italy\/ruttelsieb\/","title":{"rendered":"R\u00fcttelsieb"},"content":{"rendered":"","protected":false},"excerpt":{"rendered":"","protected":false},"author":1,"featured_media":0,"parent":5679,"menu_order":0,"comment_status":"closed","ping_status":"closed","template":"","meta":{"footnotes":""},"class_list":["post-5699","page","type-page","status-publish","hentry"],"yoast_head":"<!-- This site is optimized with the Yoast SEO plugin v25.8 - https:\/\/yoast.com\/wordpress\/plugins\/seo\/ -->\n<title>R\u00fcttelsieb | Agri World - Mechanische Konstruktionen - Made in Italy<\/title>\n<meta name=\"description\" content=\"Il vaglio vibrante \u00e8 utilizzato per la classificazione di qualsiasi tipo di materiale di piccola e media pezzatura. Pu\u00f2 essere elettrico o idraulico.\" \/>\n<meta name=\"robots\" content=\"index, follow, max-snippet:-1, max-image-preview:large, max-video-preview:-1\" \/>\n<link rel=\"canonical\" href=\"https:\/\/agri-world.it\/de\/brechen-recycling-sieben-von-steinen-altamura-italy\/ruttelsieb\/\" \/>\n<meta property=\"og:locale\" content=\"de_DE\" \/>\n<meta property=\"og:type\" content=\"article\" \/>\n<meta property=\"og:title\" content=\"R\u00fcttelsieb | Agri World - Mechanische Konstruktionen - Made in Italy\" \/>\n<meta property=\"og:description\" content=\"Il vaglio vibrante \u00e8 utilizzato per la classificazione di qualsiasi tipo di materiale di piccola e media pezzatura. Pu\u00f2 essere elettrico o idraulico.\" \/>\n<meta property=\"og:url\" content=\"https:\/\/agri-world.it\/de\/brechen-recycling-sieben-von-steinen-altamura-italy\/ruttelsieb\/\" \/>\n<meta property=\"og:site_name\" content=\"Agri World - Mechanische Konstruktionen - Made in Italy\" \/>\n<meta property=\"article:modified_time\" content=\"2019-11-25T11:05:03+00:00\" \/>\n<meta name=\"twitter:card\" content=\"summary_large_image\" \/>\n<script type=\"application\/ld+json\" class=\"yoast-schema-graph\">{\"@context\":\"https:\/\/schema.org\",\"@graph\":[{\"@type\":\"WebPage\",\"@id\":\"https:\/\/agri-world.it\/de\/brechen-recycling-sieben-von-steinen-altamura-italy\/ruttelsieb\/\",\"url\":\"https:\/\/agri-world.it\/de\/brechen-recycling-sieben-von-steinen-altamura-italy\/ruttelsieb\/\",\"name\":\"R\u00fcttelsieb | Agri World - Mechanische Konstruktionen - Made in Italy\",\"isPartOf\":{\"@id\":\"https:\/\/agri-world.it\/#website\"},\"datePublished\":\"2018-10-25T10:50:59+00:00\",\"dateModified\":\"2019-11-25T11:05:03+00:00\",\"description\":\"Il vaglio vibrante \u00e8 utilizzato per la classificazione di qualsiasi tipo di materiale di piccola e media pezzatura. Pu\u00f2 essere elettrico o idraulico.\",\"breadcrumb\":{\"@id\":\"https:\/\/agri-world.it\/de\/brechen-recycling-sieben-von-steinen-altamura-italy\/ruttelsieb\/#breadcrumb\"},\"inLanguage\":\"de\",\"potentialAction\":[{\"@type\":\"ReadAction\",\"target\":[\"https:\/\/agri-world.it\/de\/brechen-recycling-sieben-von-steinen-altamura-italy\/ruttelsieb\/\"]}]},{\"@type\":\"BreadcrumbList\",\"@id\":\"https:\/\/agri-world.it\/de\/brechen-recycling-sieben-von-steinen-altamura-italy\/ruttelsieb\/#breadcrumb\",\"itemListElement\":[{\"@type\":\"ListItem\",\"position\":1,\"name\":\"Home\",\"item\":\"https:\/\/agri-world.it\/de\/\"},{\"@type\":\"ListItem\",\"position\":2,\"name\":\"Brechen, Recycling und Sieben von Steinen\",\"item\":\"https:\/\/agri-world.it\/de\/brechen-recycling-sieben-von-steinen-altamura-italy\/\"},{\"@type\":\"ListItem\",\"position\":3,\"name\":\"R\u00fcttelsieb\"}]},{\"@type\":\"WebSite\",\"@id\":\"https:\/\/agri-world.it\/#website\",\"url\":\"https:\/\/agri-world.it\/\",\"name\":\"Agri World - Mechanische Konstruktionen - Made in Italy\",\"description\":\"Agri World srl ist ein Maschinenbauunternehmen, das Maschinen f\u00fcr die Landwirtschaft, das Baugewerbe und die Forstwirtschaft entwirft und herstellt.\",\"potentialAction\":[{\"@type\":\"SearchAction\",\"target\":{\"@type\":\"EntryPoint\",\"urlTemplate\":\"https:\/\/agri-world.it\/?s={search_term_string}\"},\"query-input\":{\"@type\":\"PropertyValueSpecification\",\"valueRequired\":true,\"valueName\":\"search_term_string\"}}],\"inLanguage\":\"de\"}]}<\/script>\n<!-- \/ Yoast SEO plugin. -->","yoast_head_json":{"title":"R\u00fcttelsieb | Agri World - Mechanische Konstruktionen - Made in Italy","description":"Il vaglio vibrante \u00e8 utilizzato per la classificazione di qualsiasi tipo di materiale di piccola e media pezzatura. Pu\u00f2 essere elettrico o idraulico.","robots":{"index":"index","follow":"follow","max-snippet":"max-snippet:-1","max-image-preview":"max-image-preview:large","max-video-preview":"max-video-preview:-1"},"canonical":"https:\/\/agri-world.it\/de\/brechen-recycling-sieben-von-steinen-altamura-italy\/ruttelsieb\/","og_locale":"de_DE","og_type":"article","og_title":"R\u00fcttelsieb | Agri World - Mechanische Konstruktionen - Made in Italy","og_description":"Il vaglio vibrante \u00e8 utilizzato per la classificazione di qualsiasi tipo di materiale di piccola e media pezzatura. Pu\u00f2 essere elettrico o idraulico.","og_url":"https:\/\/agri-world.it\/de\/brechen-recycling-sieben-von-steinen-altamura-italy\/ruttelsieb\/","og_site_name":"Agri World - Mechanische Konstruktionen - Made in Italy","article_modified_time":"2019-11-25T11:05:03+00:00","twitter_card":"summary_large_image","schema":{"@context":"https:\/\/schema.org","@graph":[{"@type":"WebPage","@id":"https:\/\/agri-world.it\/de\/brechen-recycling-sieben-von-steinen-altamura-italy\/ruttelsieb\/","url":"https:\/\/agri-world.it\/de\/brechen-recycling-sieben-von-steinen-altamura-italy\/ruttelsieb\/","name":"R\u00fcttelsieb | Agri World - Mechanische Konstruktionen - Made in Italy","isPartOf":{"@id":"https:\/\/agri-world.it\/#website"},"datePublished":"2018-10-25T10:50:59+00:00","dateModified":"2019-11-25T11:05:03+00:00","description":"Il vaglio vibrante \u00e8 utilizzato per la classificazione di qualsiasi tipo di materiale di piccola e media pezzatura. Pu\u00f2 essere elettrico o idraulico.","breadcrumb":{"@id":"https:\/\/agri-world.it\/de\/brechen-recycling-sieben-von-steinen-altamura-italy\/ruttelsieb\/#breadcrumb"},"inLanguage":"de","potentialAction":[{"@type":"ReadAction","target":["https:\/\/agri-world.it\/de\/brechen-recycling-sieben-von-steinen-altamura-italy\/ruttelsieb\/"]}]},{"@type":"BreadcrumbList","@id":"https:\/\/agri-world.it\/de\/brechen-recycling-sieben-von-steinen-altamura-italy\/ruttelsieb\/#breadcrumb","itemListElement":[{"@type":"ListItem","position":1,"name":"Home","item":"https:\/\/agri-world.it\/de\/"},{"@type":"ListItem","position":2,"name":"Brechen, Recycling und Sieben von Steinen","item":"https:\/\/agri-world.it\/de\/brechen-recycling-sieben-von-steinen-altamura-italy\/"},{"@type":"ListItem","position":3,"name":"R\u00fcttelsieb"}]},{"@type":"WebSite","@id":"https:\/\/agri-world.it\/#website","url":"https:\/\/agri-world.it\/","name":"Agri World - Mechanische Konstruktionen - Made in Italy","description":"Agri World srl ist ein Maschinenbauunternehmen, das Maschinen f\u00fcr die Landwirtschaft, das Baugewerbe und die Forstwirtschaft entwirft und herstellt.","potentialAction":[{"@type":"SearchAction","target":{"@type":"EntryPoint","urlTemplate":"https:\/\/agri-world.it\/?s={search_term_string}"},"query-input":{"@type":"PropertyValueSpecification","valueRequired":true,"valueName":"search_term_string"}}],"inLanguage":"de"}]}},"_links":{"self":[{"href":"https:\/\/agri-world.it\/de\/wp-json\/wp\/v2\/pages\/5699","targetHints":{"allow":["GET"]}}],"collection":[{"href":"https:\/\/agri-world.it\/de\/wp-json\/wp\/v2\/pages"}],"about":[{"href":"https:\/\/agri-world.it\/de\/wp-json\/wp\/v2\/types\/page"}],"author":[{"embeddable":true,"href":"https:\/\/agri-world.it\/de\/wp-json\/wp\/v2\/users\/1"}],"replies":[{"embeddable":true,"href":"https:\/\/agri-world.it\/de\/wp-json\/wp\/v2\/comments?post=5699"}],"version-history":[{"count":0,"href":"https:\/\/agri-world.it\/de\/wp-json\/wp\/v2\/pages\/5699\/revisions"}],"up":[{"embeddable":true,"href":"https:\/\/agri-world.it\/de\/wp-json\/wp\/v2\/pages\/5679"}],"wp:attachment":[{"href":"https:\/\/agri-world.it\/de\/wp-json\/wp\/v2\/media?parent=5699"}],"curies":[{"name":"wp","href":"https:\/\/api.w.org\/{rel}","templated":true}]}}