{"id":5116,"date":"2018-10-25T11:50:55","date_gmt":"2018-10-25T09:50:55","guid":{"rendered":"https:\/\/agri-world.it\/trituracion-reciclado-cribado-altamura-italia\/frantoio-a-martelli\/"},"modified":"2024-12-28T12:46:14","modified_gmt":"2024-12-28T11:46:14","slug":"trituradora-de-martillos","status":"publish","type":"page","link":"https:\/\/agri-world.it\/es\/trituracion-reciclado-cribado-altamura-italia\/trituradora-de-martillos\/","title":{"rendered":"Trituradora de Martillos"},"content":{"rendered":"","protected":false},"excerpt":{"rendered":"","protected":false},"author":1,"featured_media":0,"parent":5050,"menu_order":0,"comment_status":"closed","ping_status":"closed","template":"","meta":{"footnotes":""},"class_list":["post-5116","page","type-page","status-publish","hentry"],"yoast_head":"<!-- This site is optimized with the Yoast SEO plugin v25.8 - https:\/\/yoast.com\/wordpress\/plugins\/seo\/ -->\n<title>Trituradora de Martillos | Agri World - Construcciones mec\u00e1nicas - Made in Italy<\/title>\n<meta name=\"robots\" content=\"index, follow, max-snippet:-1, max-image-preview:large, max-video-preview:-1\" \/>\n<link rel=\"canonical\" href=\"https:\/\/agri-world.it\/es\/trituracion-reciclado-cribado-altamura-italia\/trituradora-de-martillos\/\" \/>\n<meta property=\"og:locale\" content=\"es_ES\" \/>\n<meta property=\"og:type\" content=\"article\" \/>\n<meta property=\"og:title\" content=\"Trituradora de Martillos | Agri World - Construcciones mec\u00e1nicas - Made in Italy\" \/>\n<meta property=\"og:url\" content=\"https:\/\/agri-world.it\/es\/trituracion-reciclado-cribado-altamura-italia\/trituradora-de-martillos\/\" \/>\n<meta property=\"og:site_name\" content=\"Agri World - Construcciones mec\u00e1nicas - Made in Italy\" \/>\n<meta property=\"article:modified_time\" content=\"2024-12-28T11:46:14+00:00\" \/>\n<meta name=\"twitter:card\" content=\"summary_large_image\" \/>\n<meta name=\"twitter:label1\" content=\"Tiempo de lectura\" \/>\n\t<meta name=\"twitter:data1\" content=\"7 minutos\" \/>\n<script type=\"application\/ld+json\" class=\"yoast-schema-graph\">{\"@context\":\"https:\/\/schema.org\",\"@graph\":[{\"@type\":\"WebPage\",\"@id\":\"https:\/\/agri-world.it\/es\/trituracion-reciclado-cribado-altamura-italia\/trituradora-de-martillos\/\",\"url\":\"https:\/\/agri-world.it\/es\/trituracion-reciclado-cribado-altamura-italia\/trituradora-de-martillos\/\",\"name\":\"Trituradora de Martillos | Agri World - Construcciones mec\u00e1nicas - Made in Italy\",\"isPartOf\":{\"@id\":\"https:\/\/agri-world.it\/#website\"},\"datePublished\":\"2018-10-25T09:50:55+00:00\",\"dateModified\":\"2024-12-28T11:46:14+00:00\",\"breadcrumb\":{\"@id\":\"https:\/\/agri-world.it\/es\/trituracion-reciclado-cribado-altamura-italia\/trituradora-de-martillos\/#breadcrumb\"},\"inLanguage\":\"es\",\"potentialAction\":[{\"@type\":\"ReadAction\",\"target\":[\"https:\/\/agri-world.it\/es\/trituracion-reciclado-cribado-altamura-italia\/trituradora-de-martillos\/\"]}]},{\"@type\":\"BreadcrumbList\",\"@id\":\"https:\/\/agri-world.it\/es\/trituracion-reciclado-cribado-altamura-italia\/trituradora-de-martillos\/#breadcrumb\",\"itemListElement\":[{\"@type\":\"ListItem\",\"position\":1,\"name\":\"Home\",\"item\":\"https:\/\/agri-world.it\/\"},{\"@type\":\"ListItem\",\"position\":2,\"name\":\"Trituraci\u00f3n, Reciclado y Cribado\",\"item\":\"https:\/\/agri-world.it\/es\/trituracion-reciclado-cribado-altamura-italia\/\"},{\"@type\":\"ListItem\",\"position\":3,\"name\":\"Trituradora de Martillos\"}]},{\"@type\":\"WebSite\",\"@id\":\"https:\/\/agri-world.it\/#website\",\"url\":\"https:\/\/agri-world.it\/\",\"name\":\"Agri World - Construcciones mec\u00e1nicas - Made in Italy\",\"description\":\"Agri World es una empresa metalmec\u00e1nica que dise\u00f1a y fabrica m\u00e1quinas para la agricultura, forestales y para la construcci\u00f3n.\",\"potentialAction\":[{\"@type\":\"SearchAction\",\"target\":{\"@type\":\"EntryPoint\",\"urlTemplate\":\"https:\/\/agri-world.it\/?s={search_term_string}\"},\"query-input\":{\"@type\":\"PropertyValueSpecification\",\"valueRequired\":true,\"valueName\":\"search_term_string\"}}],\"inLanguage\":\"es\"}]}<\/script>\n<!-- \/ Yoast SEO plugin. -->","yoast_head_json":{"title":"Trituradora de Martillos | Agri World - Construcciones mec\u00e1nicas - Made in Italy","robots":{"index":"index","follow":"follow","max-snippet":"max-snippet:-1","max-image-preview":"max-image-preview:large","max-video-preview":"max-video-preview:-1"},"canonical":"https:\/\/agri-world.it\/es\/trituracion-reciclado-cribado-altamura-italia\/trituradora-de-martillos\/","og_locale":"es_ES","og_type":"article","og_title":"Trituradora de Martillos | Agri World - Construcciones mec\u00e1nicas - Made in Italy","og_url":"https:\/\/agri-world.it\/es\/trituracion-reciclado-cribado-altamura-italia\/trituradora-de-martillos\/","og_site_name":"Agri World - Construcciones mec\u00e1nicas - Made in Italy","article_modified_time":"2024-12-28T11:46:14+00:00","twitter_card":"summary_large_image","twitter_misc":{"Tiempo de lectura":"7 minutos"},"schema":{"@context":"https:\/\/schema.org","@graph":[{"@type":"WebPage","@id":"https:\/\/agri-world.it\/es\/trituracion-reciclado-cribado-altamura-italia\/trituradora-de-martillos\/","url":"https:\/\/agri-world.it\/es\/trituracion-reciclado-cribado-altamura-italia\/trituradora-de-martillos\/","name":"Trituradora de Martillos | Agri World - Construcciones mec\u00e1nicas - Made in Italy","isPartOf":{"@id":"https:\/\/agri-world.it\/#website"},"datePublished":"2018-10-25T09:50:55+00:00","dateModified":"2024-12-28T11:46:14+00:00","breadcrumb":{"@id":"https:\/\/agri-world.it\/es\/trituracion-reciclado-cribado-altamura-italia\/trituradora-de-martillos\/#breadcrumb"},"inLanguage":"es","potentialAction":[{"@type":"ReadAction","target":["https:\/\/agri-world.it\/es\/trituracion-reciclado-cribado-altamura-italia\/trituradora-de-martillos\/"]}]},{"@type":"BreadcrumbList","@id":"https:\/\/agri-world.it\/es\/trituracion-reciclado-cribado-altamura-italia\/trituradora-de-martillos\/#breadcrumb","itemListElement":[{"@type":"ListItem","position":1,"name":"Home","item":"https:\/\/agri-world.it\/"},{"@type":"ListItem","position":2,"name":"Trituraci\u00f3n, Reciclado y Cribado","item":"https:\/\/agri-world.it\/es\/trituracion-reciclado-cribado-altamura-italia\/"},{"@type":"ListItem","position":3,"name":"Trituradora de Martillos"}]},{"@type":"WebSite","@id":"https:\/\/agri-world.it\/#website","url":"https:\/\/agri-world.it\/","name":"Agri World - Construcciones mec\u00e1nicas - Made in Italy","description":"Agri World es una empresa metalmec\u00e1nica que dise\u00f1a y fabrica m\u00e1quinas para la agricultura, forestales y para la construcci\u00f3n.","potentialAction":[{"@type":"SearchAction","target":{"@type":"EntryPoint","urlTemplate":"https:\/\/agri-world.it\/?s={search_term_string}"},"query-input":{"@type":"PropertyValueSpecification","valueRequired":true,"valueName":"search_term_string"}}],"inLanguage":"es"}]}},"_links":{"self":[{"href":"https:\/\/agri-world.it\/es\/wp-json\/wp\/v2\/pages\/5116","targetHints":{"allow":["GET"]}}],"collection":[{"href":"https:\/\/agri-world.it\/es\/wp-json\/wp\/v2\/pages"}],"about":[{"href":"https:\/\/agri-world.it\/es\/wp-json\/wp\/v2\/types\/page"}],"author":[{"embeddable":true,"href":"https:\/\/agri-world.it\/es\/wp-json\/wp\/v2\/users\/1"}],"replies":[{"embeddable":true,"href":"https:\/\/agri-world.it\/es\/wp-json\/wp\/v2\/comments?post=5116"}],"version-history":[{"count":0,"href":"https:\/\/agri-world.it\/es\/wp-json\/wp\/v2\/pages\/5116\/revisions"}],"up":[{"embeddable":true,"href":"https:\/\/agri-world.it\/es\/wp-json\/wp\/v2\/pages\/5050"}],"wp:attachment":[{"href":"https:\/\/agri-world.it\/es\/wp-json\/wp\/v2\/media?parent=5116"}],"curies":[{"name":"wp","href":"https:\/\/api.w.org\/{rel}","templated":true}]}}