{"id":5234,"date":"2018-11-20T12:28:37","date_gmt":"2018-11-20T11:28:37","guid":{"rendered":"https:\/\/agri-world.it\/machines-constructions-routieres-altamura-italie\/fresa-per-roccia-stabilizzatrice-di-suolo\/"},"modified":"2024-12-28T13:26:29","modified_gmt":"2024-12-28T12:26:29","slug":"fraise-pour-roche","status":"publish","type":"page","link":"https:\/\/agri-world.it\/fr\/machines-constructions-routieres-altamura-italie\/fraise-pour-roche\/","title":{"rendered":"Fraise pour roche"},"content":{"rendered":"","protected":false},"excerpt":{"rendered":"","protected":false},"author":1,"featured_media":0,"parent":5228,"menu_order":0,"comment_status":"closed","ping_status":"closed","template":"","meta":{"footnotes":""},"class_list":["post-5234","page","type-page","status-publish","hentry"],"yoast_head":"<!-- This site is optimized with the Yoast SEO plugin v25.8 - https:\/\/yoast.com\/wordpress\/plugins\/seo\/ -->\n<title>Fraise pour roche | Agri World - Constructions M\u00e9caniques - Made in Italy<\/title>\n<meta name=\"robots\" content=\"index, follow, max-snippet:-1, max-image-preview:large, max-video-preview:-1\" \/>\n<link rel=\"canonical\" href=\"https:\/\/agri-world.it\/fr\/machines-constructions-routieres-altamura-italie\/fraise-pour-roche\/\" \/>\n<meta property=\"og:locale\" content=\"fr_FR\" \/>\n<meta property=\"og:type\" content=\"article\" \/>\n<meta property=\"og:title\" content=\"Fraise pour roche | Agri World - Constructions M\u00e9caniques - Made in Italy\" \/>\n<meta property=\"og:url\" content=\"https:\/\/agri-world.it\/fr\/machines-constructions-routieres-altamura-italie\/fraise-pour-roche\/\" \/>\n<meta property=\"og:site_name\" content=\"Agri World - Constructions M\u00e9caniques - Made in Italy\" \/>\n<meta property=\"article:modified_time\" content=\"2024-12-28T12:26:29+00:00\" \/>\n<meta name=\"twitter:card\" content=\"summary_large_image\" \/>\n<meta name=\"twitter:label1\" content=\"Dur\u00e9e de lecture estim\u00e9e\" \/>\n\t<meta name=\"twitter:data1\" content=\"6 minutes\" \/>\n<script type=\"application\/ld+json\" class=\"yoast-schema-graph\">{\"@context\":\"https:\/\/schema.org\",\"@graph\":[{\"@type\":\"WebPage\",\"@id\":\"https:\/\/agri-world.it\/fr\/machines-constructions-routieres-altamura-italie\/fraise-pour-roche\/\",\"url\":\"https:\/\/agri-world.it\/fr\/machines-constructions-routieres-altamura-italie\/fraise-pour-roche\/\",\"name\":\"Fraise pour roche | Agri World - Constructions M\u00e9caniques - Made in Italy\",\"isPartOf\":{\"@id\":\"https:\/\/agri-world.it\/#website\"},\"datePublished\":\"2018-11-20T11:28:37+00:00\",\"dateModified\":\"2024-12-28T12:26:29+00:00\",\"breadcrumb\":{\"@id\":\"https:\/\/agri-world.it\/fr\/machines-constructions-routieres-altamura-italie\/fraise-pour-roche\/#breadcrumb\"},\"inLanguage\":\"fr-FR\",\"potentialAction\":[{\"@type\":\"ReadAction\",\"target\":[\"https:\/\/agri-world.it\/fr\/machines-constructions-routieres-altamura-italie\/fraise-pour-roche\/\"]}]},{\"@type\":\"BreadcrumbList\",\"@id\":\"https:\/\/agri-world.it\/fr\/machines-constructions-routieres-altamura-italie\/fraise-pour-roche\/#breadcrumb\",\"itemListElement\":[{\"@type\":\"ListItem\",\"position\":1,\"name\":\"Home\",\"item\":\"https:\/\/agri-world.it\/\"},{\"@type\":\"ListItem\",\"position\":2,\"name\":\"Machines de Constructions et Routi\u00e8res\",\"item\":\"https:\/\/agri-world.it\/fr\/machines-constructions-routieres-altamura-italie\/\"},{\"@type\":\"ListItem\",\"position\":3,\"name\":\"Fraise pour roche\"}]},{\"@type\":\"WebSite\",\"@id\":\"https:\/\/agri-world.it\/#website\",\"url\":\"https:\/\/agri-world.it\/\",\"name\":\"Agri World - Constructions M\u00e9caniques - Made in Italy\",\"description\":\"Agri World est une entreprise du secteur m\u00e9tallurgique et m\u00e9canique concevant et construisant des machines pour l\u2019agriculture, la construction ainsi que le secteur forestier.\",\"potentialAction\":[{\"@type\":\"SearchAction\",\"target\":{\"@type\":\"EntryPoint\",\"urlTemplate\":\"https:\/\/agri-world.it\/?s={search_term_string}\"},\"query-input\":{\"@type\":\"PropertyValueSpecification\",\"valueRequired\":true,\"valueName\":\"search_term_string\"}}],\"inLanguage\":\"fr-FR\"}]}<\/script>\n<!-- \/ Yoast SEO plugin. -->","yoast_head_json":{"title":"Fraise pour roche | Agri World - Constructions M\u00e9caniques - Made in Italy","robots":{"index":"index","follow":"follow","max-snippet":"max-snippet:-1","max-image-preview":"max-image-preview:large","max-video-preview":"max-video-preview:-1"},"canonical":"https:\/\/agri-world.it\/fr\/machines-constructions-routieres-altamura-italie\/fraise-pour-roche\/","og_locale":"fr_FR","og_type":"article","og_title":"Fraise pour roche | Agri World - Constructions M\u00e9caniques - Made in Italy","og_url":"https:\/\/agri-world.it\/fr\/machines-constructions-routieres-altamura-italie\/fraise-pour-roche\/","og_site_name":"Agri World - Constructions M\u00e9caniques - Made in Italy","article_modified_time":"2024-12-28T12:26:29+00:00","twitter_card":"summary_large_image","twitter_misc":{"Dur\u00e9e de lecture estim\u00e9e":"6 minutes"},"schema":{"@context":"https:\/\/schema.org","@graph":[{"@type":"WebPage","@id":"https:\/\/agri-world.it\/fr\/machines-constructions-routieres-altamura-italie\/fraise-pour-roche\/","url":"https:\/\/agri-world.it\/fr\/machines-constructions-routieres-altamura-italie\/fraise-pour-roche\/","name":"Fraise pour roche | Agri World - Constructions M\u00e9caniques - Made in Italy","isPartOf":{"@id":"https:\/\/agri-world.it\/#website"},"datePublished":"2018-11-20T11:28:37+00:00","dateModified":"2024-12-28T12:26:29+00:00","breadcrumb":{"@id":"https:\/\/agri-world.it\/fr\/machines-constructions-routieres-altamura-italie\/fraise-pour-roche\/#breadcrumb"},"inLanguage":"fr-FR","potentialAction":[{"@type":"ReadAction","target":["https:\/\/agri-world.it\/fr\/machines-constructions-routieres-altamura-italie\/fraise-pour-roche\/"]}]},{"@type":"BreadcrumbList","@id":"https:\/\/agri-world.it\/fr\/machines-constructions-routieres-altamura-italie\/fraise-pour-roche\/#breadcrumb","itemListElement":[{"@type":"ListItem","position":1,"name":"Home","item":"https:\/\/agri-world.it\/"},{"@type":"ListItem","position":2,"name":"Machines de Constructions et Routi\u00e8res","item":"https:\/\/agri-world.it\/fr\/machines-constructions-routieres-altamura-italie\/"},{"@type":"ListItem","position":3,"name":"Fraise pour roche"}]},{"@type":"WebSite","@id":"https:\/\/agri-world.it\/#website","url":"https:\/\/agri-world.it\/","name":"Agri World - Constructions M\u00e9caniques - Made in Italy","description":"Agri World est une entreprise du secteur m\u00e9tallurgique et m\u00e9canique concevant et construisant des machines pour l\u2019agriculture, la construction ainsi que le secteur forestier.","potentialAction":[{"@type":"SearchAction","target":{"@type":"EntryPoint","urlTemplate":"https:\/\/agri-world.it\/?s={search_term_string}"},"query-input":{"@type":"PropertyValueSpecification","valueRequired":true,"valueName":"search_term_string"}}],"inLanguage":"fr-FR"}]}},"_links":{"self":[{"href":"https:\/\/agri-world.it\/fr\/wp-json\/wp\/v2\/pages\/5234","targetHints":{"allow":["GET"]}}],"collection":[{"href":"https:\/\/agri-world.it\/fr\/wp-json\/wp\/v2\/pages"}],"about":[{"href":"https:\/\/agri-world.it\/fr\/wp-json\/wp\/v2\/types\/page"}],"author":[{"embeddable":true,"href":"https:\/\/agri-world.it\/fr\/wp-json\/wp\/v2\/users\/1"}],"replies":[{"embeddable":true,"href":"https:\/\/agri-world.it\/fr\/wp-json\/wp\/v2\/comments?post=5234"}],"version-history":[{"count":0,"href":"https:\/\/agri-world.it\/fr\/wp-json\/wp\/v2\/pages\/5234\/revisions"}],"up":[{"embeddable":true,"href":"https:\/\/agri-world.it\/fr\/wp-json\/wp\/v2\/pages\/5228"}],"wp:attachment":[{"href":"https:\/\/agri-world.it\/fr\/wp-json\/wp\/v2\/media?parent=5234"}],"curies":[{"name":"wp","href":"https:\/\/api.w.org\/{rel}","templated":true}]}}